{"id":2,"date":"2025-09-12T13:55:31","date_gmt":"2025-09-12T13:55:31","guid":{"rendered":"https:\/\/kutsalaksoy.com.tr\/?page_id=2"},"modified":"2025-10-09T16:33:29","modified_gmt":"2025-10-09T16:33:29","slug":"sample-page","status":"publish","type":"page","link":"https:\/\/kutsalaksoy.com.tr\/index.php\/sample-page\/","title":{"rendered":"Hakk\u0131mda"},"content":{"rendered":"\n<p><\/p>\n\n\n\n<p>Merhaba, ben <strong>Kutsal Aksoy<\/strong>, 1962 do\u011fumluyum.<br>Uzun y\u0131llard\u0131r <strong>bilgisayar sistemleri<\/strong> alan\u0131nda profesyonel olarak \u00e7al\u0131\u015f\u0131yor, teknolojiye olan merak\u0131m\u0131 her zaman canl\u0131 tutuyorum.<\/p>\n\n\n\n<p>Bo\u015f zamanlar\u0131mda elektronik, uzaktan kumandal\u0131 (RC) u\u00e7aklar ve 3D \u00fcretim teknolojileriyle ilgileniyorum.<br>RC model u\u00e7aklar\u0131n hem <strong>tasar\u0131m\u0131n\u0131<\/strong> hem de <strong>kumanda sistemlerinin tamirini<\/strong> kendim yap\u0131yorum. Elektronik devre tasar\u0131m\u0131, <strong>mikrodenetleyici programlama<\/strong> ve <strong>\u00e7ip konfig\u00fcrasyonu<\/strong> gibi konular hobiden \u00e7ok bir tutku haline geldi.<\/p>\n\n\n\n<p>Son y\u0131llarda 3D yaz\u0131c\u0131 teknolojilerini kullanarak kendi tasarlad\u0131\u011f\u0131m par\u00e7alardan RC model u\u00e7aklar \u00fcretiyor, ayr\u0131ca <strong>lazer CNC<\/strong> sistemleriyle \u00e7e\u015fitli projeler ger\u00e7ekle\u015ftiriyorum.<br>Her proje benim i\u00e7in yeni bir ke\u015fif, yeni bir \u00f6\u011frenme alan\u0131.<\/p>\n\n\n\n<p>Amac\u0131m, teknolojiye ve \u00fcretime merak duyan insanlara ilham vermek, bilgi ve deneyimlerimi payla\u015farak bu alanda katk\u0131 sa\u011flamak.<\/p>\n","protected":false},"excerpt":{"rendered":"<p>Merhaba, ben Kutsal Aksoy, 1962 do\u011fumluyum.Uzun y\u0131llard\u0131r bilgisayar sistemleri alan\u0131nda profesyonel olarak \u00e7al\u0131\u015f\u0131yor, teknolojiye olan merak\u0131m\u0131 her zaman canl\u0131 tutuyorum. Bo\u015f zamanlar\u0131mda elektronik, uzaktan kumandal\u0131 (RC) u\u00e7aklar ve 3D \u00fcretim teknolojileriyle ilgileniyorum.RC model u\u00e7aklar\u0131n hem tasar\u0131m\u0131n\u0131 hem de kumanda sistemlerinin tamirini kendim yap\u0131yorum. Elektronik devre tasar\u0131m\u0131, mikrodenetleyici programlama ve \u00e7ip konfig\u00fcrasyonu gibi konular hobiden \u00e7ok &hellip; <\/p>\n<p class=\"link-more\"><a href=\"https:\/\/kutsalaksoy.com.tr\/index.php\/sample-page\/\" class=\"more-link\">Okumaya devam et<span class=\"screen-reader-text\"> &#8220;Hakk\u0131mda&#8221;<\/span><\/a><\/p>\n","protected":false},"author":1,"featured_media":0,"parent":0,"menu_order":0,"comment_status":"closed","ping_status":"open","template":"","meta":{"footnotes":""},"class_list":["post-2","page","type-page","status-publish","hentry"],"_links":{"self":[{"href":"https:\/\/kutsalaksoy.com.tr\/index.php\/wp-json\/wp\/v2\/pages\/2","targetHints":{"allow":["GET"]}}],"collection":[{"href":"https:\/\/kutsalaksoy.com.tr\/index.php\/wp-json\/wp\/v2\/pages"}],"about":[{"href":"https:\/\/kutsalaksoy.com.tr\/index.php\/wp-json\/wp\/v2\/types\/page"}],"author":[{"embeddable":true,"href":"https:\/\/kutsalaksoy.com.tr\/index.php\/wp-json\/wp\/v2\/users\/1"}],"replies":[{"embeddable":true,"href":"https:\/\/kutsalaksoy.com.tr\/index.php\/wp-json\/wp\/v2\/comments?post=2"}],"version-history":[{"count":3,"href":"https:\/\/kutsalaksoy.com.tr\/index.php\/wp-json\/wp\/v2\/pages\/2\/revisions"}],"predecessor-version":[{"id":174,"href":"https:\/\/kutsalaksoy.com.tr\/index.php\/wp-json\/wp\/v2\/pages\/2\/revisions\/174"}],"wp:attachment":[{"href":"https:\/\/kutsalaksoy.com.tr\/index.php\/wp-json\/wp\/v2\/media?parent=2"}],"curies":[{"name":"wp","href":"https:\/\/api.w.org\/{rel}","templated":true}]}}